{"id":6146,"date":"2025-11-26T14:55:23","date_gmt":"2025-11-26T14:55:23","guid":{"rendered":"https:\/\/lifespeaknew.wpenginepowered.com\/about-us\/advisory-board\/"},"modified":"2026-01-07T11:26:49","modified_gmt":"2026-01-07T11:26:49","slug":"comite-consultatif","status":"publish","type":"page","link":"https:\/\/www.lifespeak.com\/fr\/a-propos-de-nous\/comite-consultatif\/","title":{"rendered":"Comit\u00e9 consultatif"},"content":{"rendered":"","protected":false},"excerpt":{"rendered":"","protected":false},"author":1,"featured_media":0,"parent":6142,"menu_order":31,"comment_status":"closed","ping_status":"closed","template":"tpl-page-builder.php","meta":{"_acf_changed":false,"_seopress_robots_primary_cat":"","_seopress_titles_title":"Comit\u00e9 consultatif | LifeSpeak Inc.","_seopress_titles_desc":"D\u00e9couvrez le comit\u00e9 consultatif de LifeSpeak, compos\u00e9 de leaders dans les domaines de la m\u00e9decine, de la psychologie, des sciences comportementales et de la sant\u00e9 num\u00e9rique, qui guide notre approche ax\u00e9e sur la pr\u00e9vention.","_seopress_robots_index":"","content-type":"","footnotes":""},"class_list":["post-6146","page","type-page","status-publish","hentry"],"acf":[],"_links":{"self":[{"href":"https:\/\/www.lifespeak.com\/fr\/wp-json\/wp\/v2\/pages\/6146","targetHints":{"allow":["GET"]}}],"collection":[{"href":"https:\/\/www.lifespeak.com\/fr\/wp-json\/wp\/v2\/pages"}],"about":[{"href":"https:\/\/www.lifespeak.com\/fr\/wp-json\/wp\/v2\/types\/page"}],"author":[{"embeddable":true,"href":"https:\/\/www.lifespeak.com\/fr\/wp-json\/wp\/v2\/users\/1"}],"replies":[{"embeddable":true,"href":"https:\/\/www.lifespeak.com\/fr\/wp-json\/wp\/v2\/comments?post=6146"}],"version-history":[{"count":0,"href":"https:\/\/www.lifespeak.com\/fr\/wp-json\/wp\/v2\/pages\/6146\/revisions"}],"up":[{"embeddable":true,"href":"https:\/\/www.lifespeak.com\/fr\/wp-json\/wp\/v2\/pages\/6142"}],"wp:attachment":[{"href":"https:\/\/www.lifespeak.com\/fr\/wp-json\/wp\/v2\/media?parent=6146"}],"curies":[{"name":"wp","href":"https:\/\/api.w.org\/{rel}","templated":true}]}}