{"id":4426,"date":"2025-12-03T11:36:16","date_gmt":"2025-12-03T11:36:16","guid":{"rendered":"https:\/\/lifespeaknew.wpenginepowered.com\/who-we-serve\/brokers-consultants\/"},"modified":"2025-12-16T10:50:26","modified_gmt":"2025-12-16T10:50:26","slug":"courtiers-et-consultants","status":"publish","type":"page","link":"https:\/\/www.lifespeak.com\/fr\/nos-clients\/courtiers-et-consultants\/","title":{"rendered":"COURTIERS ET CONSULTANTS"},"content":{"rendered":"","protected":false},"excerpt":{"rendered":"","protected":false},"author":1,"featured_media":0,"parent":4425,"menu_order":21,"comment_status":"closed","ping_status":"closed","template":"tpl-page-builder.php","meta":{"_acf_changed":false,"_seopress_robots_primary_cat":"","_seopress_titles_title":"Programmes de bien-\u00eatre des employ\u00e9s pour les courtiers et les consultants | LifeSpeak inc.","_seopress_titles_desc":"Proposez des programmes de bien-\u00eatre aux employ\u00e9s que vos clients appr\u00e9cieront r\u00e9ellement. LifeSpeak propose des solutions ax\u00e9es sur la pr\u00e9vention, \u00e9labor\u00e9es par des experts et offrant un retour sur investissement r\u00e9el \u2013 faciles \u00e0 d\u00e9ployer, \u00e0 adapter et \u00e0 g\u00e9rer.","_seopress_robots_index":"","content-type":"","footnotes":""},"class_list":["post-4426","page","type-page","status-publish","hentry"],"acf":[],"_links":{"self":[{"href":"https:\/\/www.lifespeak.com\/fr\/wp-json\/wp\/v2\/pages\/4426","targetHints":{"allow":["GET"]}}],"collection":[{"href":"https:\/\/www.lifespeak.com\/fr\/wp-json\/wp\/v2\/pages"}],"about":[{"href":"https:\/\/www.lifespeak.com\/fr\/wp-json\/wp\/v2\/types\/page"}],"author":[{"embeddable":true,"href":"https:\/\/www.lifespeak.com\/fr\/wp-json\/wp\/v2\/users\/1"}],"replies":[{"embeddable":true,"href":"https:\/\/www.lifespeak.com\/fr\/wp-json\/wp\/v2\/comments?post=4426"}],"version-history":[{"count":0,"href":"https:\/\/www.lifespeak.com\/fr\/wp-json\/wp\/v2\/pages\/4426\/revisions"}],"up":[{"embeddable":true,"href":"https:\/\/www.lifespeak.com\/fr\/wp-json\/wp\/v2\/pages\/4425"}],"wp:attachment":[{"href":"https:\/\/www.lifespeak.com\/fr\/wp-json\/wp\/v2\/media?parent=4426"}],"curies":[{"name":"wp","href":"https:\/\/api.w.org\/{rel}","templated":true}]}}