{"id":4418,"date":"2025-11-26T11:45:23","date_gmt":"2025-11-26T11:45:23","guid":{"rendered":"https:\/\/lifespeaknew.wpenginepowered.com\/solutions\/complete\/"},"modified":"2026-01-19T10:32:32","modified_gmt":"2026-01-19T10:32:32","slug":"complet","status":"publish","type":"page","link":"https:\/\/www.lifespeak.com\/fr\/solutions\/complet\/","title":{"rendered":"Complet"},"content":{"rendered":"","protected":false},"excerpt":{"rendered":"","protected":false},"author":1,"featured_media":0,"parent":4360,"menu_order":35,"comment_status":"closed","ping_status":"closed","template":"tpl-page-builder.php","meta":{"_acf_changed":false,"_seopress_robots_primary_cat":"","_seopress_titles_title":"LifeSpeak Complet | Tous vos avantages de mieux-\u00eatre, regroup\u00e9s","_seopress_titles_desc":"Soutenez l\u2019ensemble de votre personnel gr\u00e2ce \u00e0 une plateforme de mieux-\u00eatre fiable. LifeSpeak Complet regroupe des solutions de mise en forme, de sant\u00e9 mentale, d\u2019aide naturelle et de consommation de substances afin de r\u00e9duire la charge administrative et d\u2019obtenir des r\u00e9sultats concrets.","_seopress_robots_index":"","content-type":"","footnotes":""},"class_list":["post-4418","page","type-page","status-publish","hentry"],"acf":[],"_links":{"self":[{"href":"https:\/\/www.lifespeak.com\/fr\/wp-json\/wp\/v2\/pages\/4418","targetHints":{"allow":["GET"]}}],"collection":[{"href":"https:\/\/www.lifespeak.com\/fr\/wp-json\/wp\/v2\/pages"}],"about":[{"href":"https:\/\/www.lifespeak.com\/fr\/wp-json\/wp\/v2\/types\/page"}],"author":[{"embeddable":true,"href":"https:\/\/www.lifespeak.com\/fr\/wp-json\/wp\/v2\/users\/1"}],"replies":[{"embeddable":true,"href":"https:\/\/www.lifespeak.com\/fr\/wp-json\/wp\/v2\/comments?post=4418"}],"version-history":[{"count":0,"href":"https:\/\/www.lifespeak.com\/fr\/wp-json\/wp\/v2\/pages\/4418\/revisions"}],"up":[{"embeddable":true,"href":"https:\/\/www.lifespeak.com\/fr\/wp-json\/wp\/v2\/pages\/4360"}],"wp:attachment":[{"href":"https:\/\/www.lifespeak.com\/fr\/wp-json\/wp\/v2\/media?parent=4418"}],"curies":[{"name":"wp","href":"https:\/\/api.w.org\/{rel}","templated":true}]}}