{"id":4382,"date":"2025-11-26T10:14:05","date_gmt":"2025-11-26T10:14:05","guid":{"rendered":"https:\/\/lifespeaknew.wpenginepowered.com\/solutions\/substance-use\/"},"modified":"2026-01-23T09:27:58","modified_gmt":"2026-01-23T09:27:58","slug":"consommation-de-substances","status":"publish","type":"page","link":"https:\/\/www.lifespeak.com\/fr\/solutions\/consommation-de-substances\/","title":{"rendered":"Sant\u00e9 consommation de substances"},"content":{"rendered":"","protected":false},"excerpt":{"rendered":"","protected":false},"author":1,"featured_media":0,"parent":4360,"menu_order":59,"comment_status":"closed","ping_status":"closed","template":"tpl-page-builder.php","meta":{"_acf_changed":false,"_seopress_robots_primary_cat":"","_seopress_titles_title":"Un soutien efficace pour g\u00e9rer la consommation de substances | LifeSpeak","_seopress_titles_desc":"Un soutien \u00e9prouv\u00e9, sans stigmatisation, qui aide les membres \u00e0 r\u00e9duire les risques li\u00e9s \u00e0 la consommation de substances, \u00e0 se sentir mieux et \u00e0 \u00e9viter les crises, en toute confidentialit\u00e9 et selon leurs propres conditions.","_seopress_robots_index":"","content-type":"","footnotes":""},"class_list":["post-4382","page","type-page","status-publish","hentry"],"acf":[],"_links":{"self":[{"href":"https:\/\/www.lifespeak.com\/fr\/wp-json\/wp\/v2\/pages\/4382","targetHints":{"allow":["GET"]}}],"collection":[{"href":"https:\/\/www.lifespeak.com\/fr\/wp-json\/wp\/v2\/pages"}],"about":[{"href":"https:\/\/www.lifespeak.com\/fr\/wp-json\/wp\/v2\/types\/page"}],"author":[{"embeddable":true,"href":"https:\/\/www.lifespeak.com\/fr\/wp-json\/wp\/v2\/users\/1"}],"replies":[{"embeddable":true,"href":"https:\/\/www.lifespeak.com\/fr\/wp-json\/wp\/v2\/comments?post=4382"}],"version-history":[{"count":0,"href":"https:\/\/www.lifespeak.com\/fr\/wp-json\/wp\/v2\/pages\/4382\/revisions"}],"up":[{"embeddable":true,"href":"https:\/\/www.lifespeak.com\/fr\/wp-json\/wp\/v2\/pages\/4360"}],"wp:attachment":[{"href":"https:\/\/www.lifespeak.com\/fr\/wp-json\/wp\/v2\/media?parent=4382"}],"curies":[{"name":"wp","href":"https:\/\/api.w.org\/{rel}","templated":true}]}}